{"id":18,"date":"2023-05-17T00:16:27","date_gmt":"2023-05-16T22:16:27","guid":{"rendered":"http:\/\/flo-training.fr\/index.php\/produit\/hoodie-with-logo-2\/"},"modified":"2023-05-17T00:21:50","modified_gmt":"2023-05-16T22:21:50","slug":"hoodie-with-logo-2","status":"publish","type":"product","link":"https:\/\/flo-training.fr\/index.php\/produit\/hoodie-with-logo-2\/","title":{"rendered":"Miel de Ch\u00e2taignier 500Gr"},"content":{"rendered":"<p>Miel de Ch\u00e2taignier (Ard\u00e8che) &#8211; 500Gr<\/p>\n","protected":false},"excerpt":{"rendered":"<p>Miel fabriqu\u00e9 en Ard\u00e8che par un producteur. 100% Ch\u00e2taignier. 500 grammes, existe aussi en 1Kg<\/p>\n","protected":false},"featured_media":16,"comment_status":"open","ping_status":"closed","template":"","meta":[],"product_cat":[22,21,20],"product_tag":[24,23],"class_list":{"0":"post-18","1":"product","2":"type-product","3":"status-publish","4":"has-post-thumbnail","5":"hentry","6":"product_cat-miel-de-chataignier","7":"product_cat-miels","8":"product_cat-produits-alimentaire","9":"product_tag-chataignier","10":"product_tag-miel","12":"entry","13":"has-media","14":"owp-thumbs-layout-horizontal","15":"owp-btn-normal","16":"owp-tabs-layout-horizontal","17":"has-no-thumbnails","18":"has-product-nav"},"_links":{"self":[{"href":"https:\/\/flo-training.fr\/index.php\/wp-json\/wp\/v2\/product\/18","targetHints":{"allow":["GET"]}}],"collection":[{"href":"https:\/\/flo-training.fr\/index.php\/wp-json\/wp\/v2\/product"}],"about":[{"href":"https:\/\/flo-training.fr\/index.php\/wp-json\/wp\/v2\/types\/product"}],"replies":[{"embeddable":true,"href":"https:\/\/flo-training.fr\/index.php\/wp-json\/wp\/v2\/comments?post=18"}],"wp:featuredmedia":[{"embeddable":true,"href":"https:\/\/flo-training.fr\/index.php\/wp-json\/wp\/v2\/media\/16"}],"wp:attachment":[{"href":"https:\/\/flo-training.fr\/index.php\/wp-json\/wp\/v2\/media?parent=18"}],"wp:term":[{"taxonomy":"product_cat","embeddable":true,"href":"https:\/\/flo-training.fr\/index.php\/wp-json\/wp\/v2\/product_cat?post=18"},{"taxonomy":"product_tag","embeddable":true,"href":"https:\/\/flo-training.fr\/index.php\/wp-json\/wp\/v2\/product_tag?post=18"}],"curies":[{"name":"wp","href":"https:\/\/api.w.org\/{rel}","templated":true}]}}